{"id":5272,"date":"2023-09-07T19:59:45","date_gmt":"2023-09-07T19:59:45","guid":{"rendered":"https:\/\/www.enestoandamos.com\/?page_id=5272"},"modified":"2023-09-07T19:59:45","modified_gmt":"2023-09-07T19:59:45","slug":"guia-panama-2024","status":"publish","type":"page","link":"https:\/\/panamatraveling.com\/?page_id=5272","title":{"rendered":"Gu\u00eda Panam\u00e1 2024"},"content":{"rendered":"<p>[et_pb_section fb_built=&#8221;1&#8243; _builder_version=&#8221;4.22.2&#8243; _module_preset=&#8221;default&#8221; background_color=&#8221;#000000&#8243; background_image=&#8221;https:\/\/panamatraveling.com\/wp-content\/uploads\/2023\/09\/guidebg-2.png&#8221; parallax=&#8221;on&#8221; background_blend=&#8221;overlay&#8221; custom_padding=&#8221;6px|||||&#8221; global_colors_info=&#8221;{}&#8221;][et_pb_row _builder_version=&#8221;4.22.1&#8243; _module_preset=&#8221;default&#8221; custom_padding=&#8221;54px|||||&#8221; animation_style=&#8221;slide&#8221; global_colors_info=&#8221;{}&#8221;][et_pb_column type=&#8221;4_4&#8243; _builder_version=&#8221;4.22.1&#8243; _module_preset=&#8221;default&#8221; global_colors_info=&#8221;{}&#8221;][et_pb_text _builder_version=&#8221;4.22.2&#8243; _module_preset=&#8221;default&#8221; text_font=&#8221;Roboto Condensed||||||||&#8221; text_text_color=&#8221;#000000&#8243; text_font_size=&#8221;19px&#8221; header_font=&#8221;Roboto Mono||||||||&#8221; header_text_align=&#8221;center&#8221; header_text_color=&#8221;#FFFFFF&#8221; header_font_size=&#8221;29px&#8221; header_letter_spacing=&#8221;8px&#8221; background_color=&#8221;RGBA(255,255,255,0)&#8221; custom_margin=&#8221;-22px||-9px|||&#8221; custom_padding=&#8221;11px||0px|||&#8221; global_colors_info=&#8221;{}&#8221;]<\/p>\n<h1 class=\"entry-title main_title\">\u00bfEST\u00c1S INTERESADO EN VIAJAR A PANAM\u00c1?<\/h1>\n<p style=\"text-align: justify;\">[\/et_pb_text][et_pb_text _builder_version=&#8221;4.22.2&#8243; _module_preset=&#8221;default&#8221; text_font=&#8221;Roboto Condensed||||||||&#8221; text_text_color=&#8221;#FFFFFF&#8221; text_font_size=&#8221;19px&#8221; header_font=&#8221;Amiri Quran||||||||&#8221; header_font_size=&#8221;41px&#8221; custom_margin=&#8221;||36px|||&#8221; custom_padding=&#8221;||4px|||&#8221; global_colors_info=&#8221;{}&#8221;]<\/p>\n<h1 class=\"entry-title main_title\"><\/h1>\n<p style=\"text-align: justify;\"><span>Panam\u00e1\u00a0 es el destino perfecto para los amantes de la naturaleza, la historia y la aventura! La gu\u00eda de viaje definitiva, &#8220;Panam\u00e1, Gu\u00eda de Viaje by En Esto Andamos,&#8221; es tu compa\u00f1era ideal para descubrir este emocionante rinc\u00f3n de Centroam\u00e9rica. Preparada por expertos viajeros de En Esto Andamos, esta gu\u00eda te llevar\u00e1 a un viaje inolvidable por Panam\u00e1.<\/span><\/p>\n<p style=\"text-align: justify;\"><span><\/span><\/p>\n<p style=\"text-align: justify;\"><span>Sum\u00e9rgete en la esencia de Panam\u00e1, un pa\u00eds lleno de contrastes y maravillas naturales. Desde las selvas tropicales de Dari\u00e9n hasta las modernas ciudades de Panam\u00e1 y Col\u00f3n, Panam\u00e1 ofrece una rica diversidad cultural y geogr\u00e1fica que te dejar\u00e1 asombrado.<\/span><\/p>\n<p style=\"text-align: justify;\"><span><\/span><\/p>\n<p style=\"text-align: justify;\"><span>Esta gu\u00eda est\u00e1 llena de consejos \u00fatiles para tu viaje. Encuentra informaci\u00f3n sobre\u00a0 transporte, seguridad y salud para que puedas disfrutar de Panam\u00e1 con tranquilidad.<\/span><\/p>\n<p style=\"text-align: justify;\">Adem\u00e1s tu commpra incluye una gran cantidad de descuentos exclusivos en comercios en Panam\u00e1, orientados espec\u00edficamente a que tengas una experiencia inolvidable.<span><\/span><span><\/span><\/p>\n<p>Prepara tu viaje a Panam\u00e1 con &#8220;Panam\u00e1, Gu\u00eda de Viaje by EnEstoAndamos&#8221; y experimenta la magia de este destino \u00fanico. \u00a1Tu aventura en Panam\u00e1 te est\u00e1 esperando!<\/p>\n<p>[\/et_pb_text][\/et_pb_column][\/et_pb_row][\/et_pb_section][et_pb_section fb_built=&#8221;1&#8243; _builder_version=&#8221;4.22.2&#8243; _module_preset=&#8221;default&#8221; background_color=&#8221;#282828&#8243; custom_padding=&#8221;6px|||||&#8221; global_colors_info=&#8221;{}&#8221;][et_pb_row column_structure=&#8221;1_2,1_2&#8243; _builder_version=&#8221;4.22.1&#8243; _module_preset=&#8221;default&#8221; custom_margin=&#8221;-72px|auto||auto||&#8221; animation_style=&#8221;slide&#8221; global_colors_info=&#8221;{}&#8221;][et_pb_column type=&#8221;1_2&#8243; _builder_version=&#8221;4.22.1&#8243; _module_preset=&#8221;default&#8221; global_colors_info=&#8221;{}&#8221;][et_pb_image src=&#8221;https:\/\/panamatraveling.com\/wp-content\/uploads\/2023\/09\/guiadeviajechico.png&#8221; title_text=&#8221;guiadeviajechico&#8221; align=&#8221;center&#8221; _builder_version=&#8221;4.22.2&#8243; _module_preset=&#8221;default&#8221; custom_margin=&#8221;52px|7px||-32px||&#8221; custom_padding=&#8221;0px|||||&#8221; animation_style=&#8221;zoom&#8221; global_colors_info=&#8221;{}&#8221;][\/et_pb_image][\/et_pb_column][et_pb_column type=&#8221;1_2&#8243; _builder_version=&#8221;4.22.1&#8243; _module_preset=&#8221;default&#8221; global_colors_info=&#8221;{}&#8221;][et_pb_divider show_divider=&#8221;off&#8221; _builder_version=&#8221;4.22.1&#8243; _module_preset=&#8221;default&#8221; min_height=&#8221;100px&#8221; global_colors_info=&#8221;{}&#8221;][\/et_pb_divider][et_pb_text _builder_version=&#8221;4.22.2&#8243; _module_preset=&#8221;default&#8221; text_font=&#8221;Roboto Condensed||||||||&#8221; text_font_size=&#8221;19px&#8221; header_font=&#8221;Roboto Mono||||||||&#8221; header_text_align=&#8221;center&#8221; header_text_color=&#8221;#FFFFFF&#8221; header_font_size=&#8221;29px&#8221; header_letter_spacing=&#8221;8px&#8221; background_color=&#8221;#282828&#8243; custom_margin=&#8221;-22px||-9px|||&#8221; custom_padding=&#8221;11px||0px|||&#8221; global_colors_info=&#8221;{}&#8221;]<\/p>\n<h1 class=\"entry-title main_title\">BENEFICIOS DE LA GU\u00cdA DE VIAJES PANAM\u00c1<\/h1>\n<p style=\"text-align: justify;\">[\/et_pb_text][et_pb_text _builder_version=&#8221;4.22.2&#8243; _module_preset=&#8221;default&#8221; text_font=&#8221;Roboto Condensed||||||||&#8221; text_text_color=&#8221;#FFFFFF&#8221; text_font_size=&#8221;22px&#8221; text_line_height=&#8221;1.2em&#8221; header_font=&#8221;Amiri Quran||||||||&#8221; header_font_size=&#8221;41px&#8221; custom_margin=&#8221;||36px|||&#8221; custom_padding=&#8221;||4px|||&#8221; global_colors_info=&#8221;{}&#8221;]<\/p>\n<ul>\n<li>Consejos \u00fatiles para tu viaje a Panam\u00e1<\/li>\n<\/ul>\n<p>&nbsp;<\/p>\n<ul>\n<li>Tres idiomas: Espa\u00f1ol, Ingl\u00e9s y Alem\u00e1n.<\/li>\n<\/ul>\n<p>&nbsp;<\/p>\n<ul>\n<li>Formato digital descargable<\/li>\n<\/ul>\n<p>&nbsp;<\/p>\n<ul>\n<li>Excelente precio<\/li>\n<\/ul>\n<p>&nbsp;<\/p>\n<ul>\n<li>Informaci\u00f3n importante para conocer en de 3 a 5 d\u00edas las mejores rutas, precios y lugares imperdibles<\/li>\n<\/ul>\n<p>&nbsp;<\/p>\n<ul>\n<li>Descuentos exclusivos en en hoteles, restaurantes, atracciones y tour operadores<\/li>\n<\/ul>\n<p>[\/et_pb_text][\/et_pb_column][\/et_pb_row][et_pb_row _builder_version=&#8221;4.22.1&#8243; _module_preset=&#8221;default&#8221; global_colors_info=&#8221;{}&#8221;][et_pb_column type=&#8221;4_4&#8243; _builder_version=&#8221;4.22.1&#8243; _module_preset=&#8221;default&#8221; global_colors_info=&#8221;{}&#8221;][et_pb_button button_text=&#8221;OBTENER HOY LA GUIA DE VIAJE PANAM\u00c1&#8221; button_alignment=&#8221;center&#8221; _builder_version=&#8221;4.22.2&#8243; _module_preset=&#8221;default&#8221; custom_button=&#8221;on&#8221; button_text_size=&#8221;26px&#8221; button_text_color=&#8221;#FFFFFF&#8221; button_bg_color=&#8221;#E02B20&#8243; button_border_radius=&#8221;31px&#8221; button_font=&#8221;Roboto Condensed||||||||&#8221; hover_enabled=&#8221;0&#8243; global_colors_info=&#8221;{}&#8221; button_url=&#8221;https:\/\/www.enestoandamos.com\/producto\/guia-panama-de-3-a-5-dias\/&#8221; sticky_enabled=&#8221;0&#8243;][\/et_pb_button][\/et_pb_column][\/et_pb_row][\/et_pb_section]<\/p>\n","protected":false},"excerpt":{"rendered":"<p>[et_pb_section fb_built=&#8221;1&#8243; _builder_version=&#8221;4.22.2&#8243; _module_preset=&#8221;default&#8221; background_color=&#8221;#000000&#8243; background_image=&#8221;https:\/\/panamatraveling.com\/wp-content\/uploads\/2023\/09\/guidebg-2.png&#8221; parallax=&#8221;on&#8221; background_blend=&#8221;overlay&#8221; custom_padding=&#8221;6px|||||&#8221; global_colors_info=&#8221;{}&#8221;][et_pb_row _builder_version=&#8221;4.22.1&#8243; _module_preset=&#8221;default&#8221; custom_padding=&#8221;54px|||||&#8221; animation_style=&#8221;slide&#8221; global_colors_info=&#8221;{}&#8221;][et_pb_column type=&#8221;4_4&#8243; _builder_version=&#8221;4.22.1&#8243; _module_preset=&#8221;default&#8221; global_colors_info=&#8221;{}&#8221;][et_pb_text _builder_version=&#8221;4.22.2&#8243; _module_preset=&#8221;default&#8221; text_font=&#8221;Roboto Condensed||||||||&#8221; text_text_color=&#8221;#000000&#8243; text_font_size=&#8221;19px&#8221; header_font=&#8221;Roboto Mono||||||||&#8221; header_text_align=&#8221;center&#8221; header_text_color=&#8221;#FFFFFF&#8221; header_font_size=&#8221;29px&#8221; header_letter_spacing=&#8221;8px&#8221; background_color=&#8221;RGBA(255,255,255,0)&#8221; custom_margin=&#8221;-22px||-9px|||&#8221; custom_padding=&#8221;11px||0px|||&#8221; global_colors_info=&#8221;{}&#8221;] \u00bfEST\u00c1S INTERESADO EN VIAJAR A PANAM\u00c1? [\/et_pb_text][et_pb_text _builder_version=&#8221;4.22.2&#8243; _module_preset=&#8221;default&#8221; text_font=&#8221;Roboto Condensed||||||||&#8221; text_text_color=&#8221;#FFFFFF&#8221; text_font_size=&#8221;19px&#8221; header_font=&#8221;Amiri Quran||||||||&#8221; header_font_size=&#8221;41px&#8221; custom_margin=&#8221;||36px|||&#8221; custom_padding=&#8221;||4px|||&#8221; global_colors_info=&#8221;{}&#8221;] Panam\u00e1\u00a0&#8230;<\/p>\n","protected":false},"author":2,"featured_media":0,"parent":0,"menu_order":0,"comment_status":"closed","ping_status":"closed","template":"","meta":{"_kad_post_transparent":"","_kad_post_title":"","_kad_post_layout":"","_kad_post_sidebar_id":"","_kad_post_content_style":"","_kad_post_vertical_padding":"","_kad_post_feature":"","_kad_post_feature_position":"","_kad_post_header":false,"_kad_post_footer":false,"_kad_post_classname":"","footnotes":""},"class_list":["post-5272","page","type-page","status-publish","hentry"],"_links":{"self":[{"href":"https:\/\/panamatraveling.com\/index.php?rest_route=\/wp\/v2\/pages\/5272","targetHints":{"allow":["GET"]}}],"collection":[{"href":"https:\/\/panamatraveling.com\/index.php?rest_route=\/wp\/v2\/pages"}],"about":[{"href":"https:\/\/panamatraveling.com\/index.php?rest_route=\/wp\/v2\/types\/page"}],"author":[{"embeddable":true,"href":"https:\/\/panamatraveling.com\/index.php?rest_route=\/wp\/v2\/users\/2"}],"replies":[{"embeddable":true,"href":"https:\/\/panamatraveling.com\/index.php?rest_route=%2Fwp%2Fv2%2Fcomments&post=5272"}],"version-history":[{"count":0,"href":"https:\/\/panamatraveling.com\/index.php?rest_route=\/wp\/v2\/pages\/5272\/revisions"}],"wp:attachment":[{"href":"https:\/\/panamatraveling.com\/index.php?rest_route=%2Fwp%2Fv2%2Fmedia&parent=5272"}],"curies":[{"name":"wp","href":"https:\/\/api.w.org\/{rel}","templated":true}]}}