{"id":4235,"date":"2023-07-08T13:54:11","date_gmt":"2023-07-08T13:54:11","guid":{"rendered":"https:\/\/www.enestoandamos.com\/?page_id=4235"},"modified":"2026-05-02T00:12:45","modified_gmt":"2026-05-02T05:12:45","slug":"quienes-somos","status":"publish","type":"page","link":"https:\/\/panamatraveling.com\/?page_id=4235","title":{"rendered":"QUIENES SOMOS"},"content":{"rendered":"\t\t<div data-elementor-type=\"wp-page\" data-elementor-id=\"4235\" class=\"elementor elementor-4235\" data-elementor-post-type=\"page\">\n\t\t\t\t<div class=\"elementor-element elementor-element-683d613 e-flex e-con-boxed e-con e-parent\" data-id=\"683d613\" data-element_type=\"container\" data-e-type=\"container\" data-settings=\"{&quot;jet_parallax_layout_list&quot;:[]}\">\n\t\t\t\t\t<div class=\"e-con-inner\">\n\t\t\t\t\t<\/div>\n\t\t\t\t<\/div>\n\t\t<div class=\"elementor-element elementor-element-b2b5d49 e-flex e-con-boxed e-con e-parent\" data-id=\"b2b5d49\" data-element_type=\"container\" data-e-type=\"container\" data-settings=\"{&quot;jet_parallax_layout_list&quot;:[]}\">\n\t\t\t\t\t<div class=\"e-con-inner\">\n\t\t<div class=\"elementor-element elementor-element-f48126d e-con-full e-flex e-con e-child\" data-id=\"f48126d\" data-element_type=\"container\" data-e-type=\"container\" data-settings=\"{&quot;jet_parallax_layout_list&quot;:[]}\">\n\t\t\t\t\t\t\t<h2 \n\t\tdata-interaction-id=\"951a462\" \n\t\tclass=\"e-heading-base\" \n\t\t \n\t\tdata-e-type=\"widget\" data-id=\"951a462\"\n\t>\n\t\n\t\t\t<strong>\u00bfQU\u00cdENES SOMOS?<\/strong>\n\t\t<\/h2>\n\t\t\t\t\t\t\t\t<p class=\"e-e554039-eda5956 e-paragraph-base\" data-interaction-id=\"e554039\"  data-e-type=\"widget\" data-id=\"e554039\">\n\t\t\t\t\t\t\t\t<strong>En Esto Andamos&nbsp;nace con el objetivo de contar historias a trav\u00e9s de<em>&nbsp;\u201cun papel digital\u201d,&nbsp;<\/em>de decirles a los aventureros que es posible conocer su pa\u00eds y al mismo tiempo nutrirse de otras culturas y descubrir otros sitios.Nos apasiona las nuevas aventuras, por eso hacemos turismo interno, conociendo Panam\u00e1 y todos sus rincones y una que otra vez salimos a otro pa\u00eds para conocer nuevos lugares, probar otras gastronom\u00edas, escribir de nuestra experiencia, tomar fotos y por supuesto hacer un v\u00eddeo.Si te encanta conocer nuevos lugares y te apasiona tu pa\u00eds y lo que ofrece ven y conoce junto a nosotras lo que esconde nuestro&nbsp;<em>pedacito<\/em>&nbsp;de tierra y \u00bfQui\u00e9n sabe? Pronto viajes tambi\u00e9n con nosotras.<\/strong>\n\t\t\t\t\t<\/p>\n\t\t\t\t<\/div>\n\t\t<div class=\"elementor-element elementor-element-50804ef e-con-full e-flex e-con e-child\" data-id=\"50804ef\" data-element_type=\"container\" data-e-type=\"container\" data-settings=\"{&quot;jet_parallax_layout_list&quot;:[]}\">\n\t\t\t\t\t\t\t\n\t\t\t<img class=\"e-image-base Imagen\" \n\t\t\t\t\tdata-interaction-id=\"48124e1\" \n\t\t \n\t\t data-e-type=\"widget\" data-id=\"48124e1\"\n\t\t\t\t\t\t\t\t\tid=\"5017\"\n\t\t\t\t\t\t\t\t\t\t\t\tsrc=\"https:\/\/panamatraveling.com\/wp-content\/uploads\/2018\/11\/Laguna-de-San-Carlos-escape-1024x575-1.jpg\"\n\t\t\t\t\t\t\t\t\t\t\t\twidth=\"1024\"\n\t\t\t\t\t\t\t\t\t\t\t\theight=\"575\"\n\t\t\t\t\t\t\t\t\t\t\t\tsrcset=\"\"\n\t\t\t\t\t\t\t\t\t\t\t\talt=\"\"\n\t\t\t\t\t\t\/>\n\t\t\t\t\t<\/div>\n\t\t\t\t\t<\/div>\n\t\t\t\t<\/div>\n\t\t\t\t<div class=\"elementor-element elementor-element-daec264 e-con e-atomic-element e-flexbox-base e-daec264-497fa78\" data-id=\"daec264\" data-element_type=\"e-flexbox\" data-e-type=\"e-flexbox\" data-interaction-id=\"daec264\" data-e-type=\"e-flexbox\" data-id=\"daec264\">\n\t\t\t\t\t\t\t<h2 \n\t\tdata-interaction-id=\"e67a24b\" \n\t\tclass=\"e-e67a24b-50da413 e-heading-base\" \n\t\t \n\t\tdata-e-type=\"widget\" data-id=\"e67a24b\"\n\t>\n\t\n\t\t\t<strong>\u00bfEres Creador de Contenido?<\/strong>\n\t\t<\/h2>\n\t\t\t\t\t    \t            <button class=\"Boton e-button-base\" data-interaction-id=\"cf0a7d8\"  data-e-type=\"widget\" data-id=\"cf0a7d8\">\n            Trabaja con nosotros\n        <\/button>\n    \t\t\t\t<\/div>\n\t\t\t\t<\/div>\n\t\t","protected":false},"excerpt":{"rendered":"<p>\u00bfQU\u00cdENES SOMOS? En Esto Andamos&nbsp;nace con el objetivo de contar historias a trav\u00e9s de&nbsp;\u201cun papel digital\u201d,&nbsp;de decirles a los aventureros que es posible conocer su pa\u00eds y al mismo tiempo nutrirse de otras culturas y descubrir otros sitios.Nos apasiona las nuevas aventuras, por eso hacemos turismo interno, conociendo Panam\u00e1 y todos sus rincones y una&#8230;<\/p>\n","protected":false},"author":2,"featured_media":0,"parent":0,"menu_order":0,"comment_status":"closed","ping_status":"closed","template":"elementor_header_footer","meta":{"_kad_post_transparent":"","_kad_post_title":"","_kad_post_layout":"","_kad_post_sidebar_id":"","_kad_post_content_style":"","_kad_post_vertical_padding":"","_kad_post_feature":"","_kad_post_feature_position":"","_kad_post_header":false,"_kad_post_footer":false,"_kad_post_classname":"","footnotes":""},"class_list":["post-4235","page","type-page","status-publish","hentry"],"_links":{"self":[{"href":"https:\/\/panamatraveling.com\/index.php?rest_route=\/wp\/v2\/pages\/4235","targetHints":{"allow":["GET"]}}],"collection":[{"href":"https:\/\/panamatraveling.com\/index.php?rest_route=\/wp\/v2\/pages"}],"about":[{"href":"https:\/\/panamatraveling.com\/index.php?rest_route=\/wp\/v2\/types\/page"}],"author":[{"embeddable":true,"href":"https:\/\/panamatraveling.com\/index.php?rest_route=\/wp\/v2\/users\/2"}],"replies":[{"embeddable":true,"href":"https:\/\/panamatraveling.com\/index.php?rest_route=%2Fwp%2Fv2%2Fcomments&post=4235"}],"version-history":[{"count":19,"href":"https:\/\/panamatraveling.com\/index.php?rest_route=\/wp\/v2\/pages\/4235\/revisions"}],"predecessor-version":[{"id":6015,"href":"https:\/\/panamatraveling.com\/index.php?rest_route=\/wp\/v2\/pages\/4235\/revisions\/6015"}],"wp:attachment":[{"href":"https:\/\/panamatraveling.com\/index.php?rest_route=%2Fwp%2Fv2%2Fmedia&parent=4235"}],"curies":[{"name":"wp","href":"https:\/\/api.w.org\/{rel}","templated":true}]}}